{"id":3109,"date":"2024-05-01T20:27:36","date_gmt":"2024-05-01T20:27:36","guid":{"rendered":"https:\/\/aycanates.com\/?page_id=3109"},"modified":"2025-12-03T13:37:30","modified_gmt":"2025-12-03T13:37:30","slug":"heykel-sanati","status":"publish","type":"page","link":"https:\/\/aycanates.com\/en\/heykel-sanati\/","title":{"rendered":"Sculpture Art"},"content":{"rendered":"<div class=\"wpb-content-wrapper\"><section class=\"wpb_row vc_row-fluid\"><div class=\"container\"><div class=\"row\"><div class=\"wpb_column vc_column_container vc_col-sm-12\"><div class=\"vc_column-inner\"><div class=\"wpb_wrapper\"  ><div class=\"vc_separator wpb_content_element vc_separator_align_center vc_sep_width_100 vc_sep_pos_align_center vc_sep_color_grey wpb_content_element vc_separator-has-text\" ><span class=\"vc_sep_holder vc_sep_holder_l\"><span class=\"vc_sep_line\"><\/span><\/span><h4>Touch of Art<\/h4><span class=\"vc_sep_holder vc_sep_holder_r\"><span class=\"vc_sep_line\"><\/span><\/span>\n<\/div>\n\t<div class=\"wpb_text_column wpb_content_element\" >\n\t\t<div class=\"wpb_wrapper\">\n\t\t\t<p>Sometimes art tells you things that you can't explain or understand with words. With silent touches. These are touches that flow from your hands and are good for your soul. You experience the pleasure of being alone with yourself and creating something in these silent and wordless meetings.<\/p>\n<p>&nbsp;<\/p>\n<p><a href=\"https:\/\/aycanates.com\/heykelportfolyo.pdf\">Portfolyoyu detayl\u0131 g\u00f6rmek i\u00e7in t\u0131klay\u0131n\u0131z.<\/a><\/p>\n\n\t\t<\/div>\n\t<\/div>\n\n<div class=\"vc_grid-container-wrapper vc_clearfix vc_grid-animation-zoomIn\">\n\t<div class=\"vc_grid-container vc_clearfix wpb_content_element vc_masonry_media_grid\" data-initial-loading-animation=\"zoomIn\" data-vc-grid-settings=\"{&quot;page_id&quot;:3109,&quot;style&quot;:&quot;lazy-masonry&quot;,&quot;action&quot;:&quot;vc_get_vc_grid_data&quot;,&quot;shortcode_id&quot;:&quot;1764768624923-93e951a20382dcf72de15f3857cdb2a8-4&quot;,&quot;items_per_page&quot;:&quot;10&quot;,&quot;tag&quot;:&quot;vc_masonry_media_grid&quot;}\" data-vc-request=\"https:\/\/aycanates.com\/wp-admin\/admin-ajax.php\" data-vc-post-id=\"3109\" data-vc-public-nonce=\"6756c2a46f\">\n\t\t\n\t<\/div>\n<\/div><\/div><\/div><\/div><\/div><\/div><\/section>\n<\/div>","protected":false},"excerpt":{"rendered":"Sanata Dokunu\u015f Bazen s\u00f6zc\u00fcklerle anlatamad\u0131\u011f\u0131n ve anlayamad\u0131\u011f\u0131n\u0131 sanat sana anlat\u0131r. Sessiz dokunu\u015flarla. Ellerinden d\u00f6k\u00fclen ve ruhuna iyi gelen dokunu\u015flard\u0131r bunlar. Sadece kendinle ba\u015fba\u015fa kalabilmenin ve bir\u015feyler ortaya \u00e7\u0131karman\u0131n hazz\u0131n\u0131 ya\u015fars\u0131n bu sessiz ve s\u00f6zs\u00fcz bulu\u015fmalarda. &nbsp; Portfolyoyu detayl\u0131 g\u00f6rmek i\u00e7in t\u0131klay\u0131n\u0131z.","protected":false},"author":2,"featured_media":0,"parent":0,"menu_order":0,"comment_status":"closed","ping_status":"closed","template":"","meta":{"footnotes":""},"class_list":["post-3109","page","type-page","status-publish","hentry"],"aioseo_notices":[],"_links":{"self":[{"href":"https:\/\/aycanates.com\/en\/wp-json\/wp\/v2\/pages\/3109","targetHints":{"allow":["GET"]}}],"collection":[{"href":"https:\/\/aycanates.com\/en\/wp-json\/wp\/v2\/pages"}],"about":[{"href":"https:\/\/aycanates.com\/en\/wp-json\/wp\/v2\/types\/page"}],"author":[{"embeddable":true,"href":"https:\/\/aycanates.com\/en\/wp-json\/wp\/v2\/users\/2"}],"replies":[{"embeddable":true,"href":"https:\/\/aycanates.com\/en\/wp-json\/wp\/v2\/comments?post=3109"}],"version-history":[{"count":8,"href":"https:\/\/aycanates.com\/en\/wp-json\/wp\/v2\/pages\/3109\/revisions"}],"predecessor-version":[{"id":3534,"href":"https:\/\/aycanates.com\/en\/wp-json\/wp\/v2\/pages\/3109\/revisions\/3534"}],"wp:attachment":[{"href":"https:\/\/aycanates.com\/en\/wp-json\/wp\/v2\/media?parent=3109"}],"curies":[{"name":"wp","href":"https:\/\/api.w.org\/{rel}","templated":true}]}}