{"id":724,"date":"2017-06-02T03:46:08","date_gmt":"2017-06-02T03:46:08","guid":{"rendered":"http:\/\/demo.archiwp.com\/index-masonry-black\/?page_id=724"},"modified":"2025-05-30T07:45:42","modified_gmt":"2025-05-30T07:45:42","slug":"iletisim","status":"publish","type":"page","link":"https:\/\/aycanates.com\/en\/iletisim\/","title":{"rendered":"Contact"},"content":{"rendered":"<div class=\"wpb-content-wrapper\"><section class=\"wpb_row vc_row-fluid vc_custom_1438577278176 no-padding\"><div class=\"row\"><div class=\"wpb_column vc_column_container vc_col-sm-12\"><div class=\"vc_column-inner\"><div class=\"wpb_wrapper\"  ><div class=\"wpb_gmaps_widget wpb_content_element wpb_animate_when_almost_visible wpb_bounceIn bounceIn\"><div class=\"wpb_wrapper\"><div class=\"wpb_map_wraper\"><iframe loading=\"lazy\" src=\"https:\/\/www.google.com\/maps\/embed?pb=!1m14!1m8!1m3!1d12030.444015448344!2d29.0136592!3d41.0774949!3m2!1i1024!2i768!4f13.1!3m3!1m2!1s0x0%3A0xa56f94e4cfd5d8f1!2sAycan+Ate%C5%9F+Interior+Designer+-+%C4%B0%C3%A7+Mimar!5e0!3m2!1str!2str!4v1556180814551!5m2!1str!2str\" width=\"600\" height=\"450\" frameborder=\"0\" style=\"border:0\" allowfullscreen><\/iframe><\/div><\/div><\/div><\/div><\/div><\/div><\/div><\/section><section class=\"wpb_row vc_row-fluid vc_custom_1438577300524\"><div class=\"container\"><div class=\"row\"><div class=\"wpb_column vc_column_container vc_col-sm-8\"><div class=\"vc_column-inner\"><div class=\"wpb_wrapper\"  >\n\t<!-- Element: OT Heading --> \t \n\t<h3 class=\"ot_custom_heading\" style=\"\" >You can share your questions, opinions and suggestions with us by filling out the form below.<\/h3>\t\n<div class=\"vc_empty_space\"   style=\"height: 10px\"><span class=\"vc_empty_space_inner\"><\/span><\/div>\n<div class=\"wpcf7 no-js\" id=\"wpcf7-f753-o1\" lang=\"en-US\" dir=\"ltr\" data-wpcf7-id=\"753\">\n<div class=\"screen-reader-response\"><p role=\"status\" aria-live=\"polite\" aria-atomic=\"true\"><\/p> <ul><\/ul><\/div>\n<form action=\"\/en\/wp-json\/wp\/v2\/pages\/724#wpcf7-f753-o1\" method=\"post\" class=\"wpcf7-form init\" aria-label=\"Contact form\" novalidate=\"novalidate\" data-status=\"init\" data-trp-original-action=\"\/en\/wp-json\/wp\/v2\/pages\/724#wpcf7-f753-o1\">\n<fieldset class=\"hidden-fields-container\"><input type=\"hidden\" name=\"_wpcf7\" value=\"753\" \/><input type=\"hidden\" name=\"_wpcf7_version\" value=\"6.1.1\" \/><input type=\"hidden\" name=\"_wpcf7_locale\" value=\"en_US\" \/><input type=\"hidden\" name=\"_wpcf7_unit_tag\" value=\"wpcf7-f753-o1\" \/><input type=\"hidden\" name=\"_wpcf7_container_post\" value=\"0\" \/><input type=\"hidden\" name=\"_wpcf7_posted_data_hash\" value=\"\" \/>\n<\/fieldset>\n<div class=\"row\">\n\t<div class=\"col-md-4\">\n\t\t<div>\n\t\t\t<p><span class=\"wpcf7-form-control-wrap\" data-name=\"your-name\"><input size=\"40\" maxlength=\"400\" class=\"wpcf7-form-control wpcf7-text wpcf7-validates-as-required\" aria-required=\"true\" aria-invalid=\"false\" placeholder=\"Name - Surname\" value=\"\" type=\"text\" name=\"your-name\" \/><\/span>\n\t\t\t<\/p>\n\t\t<\/div>\n\t\t<div>\n\t\t\t<p><span class=\"wpcf7-form-control-wrap\" data-name=\"your-email\"><input size=\"40\" maxlength=\"400\" class=\"wpcf7-form-control wpcf7-email wpcf7-validates-as-required wpcf7-text wpcf7-validates-as-email\" aria-required=\"true\" aria-invalid=\"false\" placeholder=\"E-mail\" value=\"\" type=\"email\" name=\"your-email\" \/><\/span>\n\t\t\t<\/p>\n\t\t<\/div>\n\t\t<div>\n\t\t\t<p><span class=\"wpcf7-form-control-wrap\" data-name=\"your-phone\"><input size=\"40\" maxlength=\"400\" class=\"wpcf7-form-control wpcf7-tel wpcf7-validates-as-required wpcf7-text wpcf7-validates-as-tel\" aria-required=\"true\" aria-invalid=\"false\" placeholder=\"Phone Number\" value=\"\" type=\"tel\" name=\"your-phone\" \/><\/span>\n\t\t\t<\/p>\n\t\t<\/div>\n\t<\/div>\n\t<div class=\"col-md-8\">\n\t\t<div>\n\t\t\t<p><span class=\"wpcf7-form-control-wrap\" data-name=\"your-message\"><textarea cols=\"40\" rows=\"10\" maxlength=\"2000\" class=\"wpcf7-form-control wpcf7-textarea wpcf7-validates-as-required\" aria-required=\"true\" aria-invalid=\"false\" placeholder=\"Message\" name=\"your-message\"><\/textarea><\/span>\n\t\t\t<\/p>\n\t\t<\/div>\n\t<\/div>\n\t<div class=\"col-md-12\">\n\t\t<p id=\"submit\"><input class=\"wpcf7-form-control wpcf7-submit has-spinner btn btn-line\" type=\"submit\" value=\"Send\" \/>\n\t\t<\/p>\n\t<\/div>\n<\/div><div class=\"wpcf7-response-output\" aria-hidden=\"true\"><\/div>\n<input type=\"hidden\" name=\"trp-form-language\" value=\"en\"\/><\/form>\n<\/div>\n<\/div><\/div><\/div><div class=\"wpb_column vc_column_container vc_col-sm-4\"><div class=\"vc_column-inner\"><div class=\"wpb_wrapper\"  >\n\t<!-- Element: OT Heading --> \t \n\t<h3 class=\"ot_custom_heading\" style=\"\" >Contact<\/h3>\t\n\n\t<div class=\"wpb_text_column wpb_content_element\" >\n\t\t<div class=\"wpb_wrapper\">\n\t\t\t<address>\n<div>Ate\u015f \u0130\u00e7 Mimarl\u0131k ve Dekorasyon Mobilya LTD. \u015eT\u0130.- Loft Residence Esentepe mah. B\u00fcy\u00fckdere cad. A Blok. No.201 \u0130\u00e7 kap\u0131 No.40 \u015ei\u015fli\/ \u0130stanbul<\/div>\n<div><strong>Phone:<\/strong>(0212)465 6300<\/div>\n<div><strong>Gsm:<\/strong>(532) 323 7353<\/div>\n<div><strong>E-mail:<\/strong><a href=\"mailto:atesaycan@gmail.com\">atesaycan@gmail.com<\/a><\/div>\n<\/address>\n\n\t\t<\/div>\n\t<\/div>\n<\/div><\/div><\/div><\/div><\/div><\/section>\n<\/div>","protected":false},"excerpt":{"rendered":"Soru, g\u00f6r\u00fc\u015f ve \u00f6nerilerinizi a\u015fa\u011f\u0131daki formu doldurarak bizimle payla\u015fabilirsiniz. \u0130leti\u015fim Ate\u015f \u0130\u00e7 Mimarl\u0131k ve Dekorasyon Mobilya LTD. \u015eT\u0130.- Loft Residence Esentepe mah. B\u00fcy\u00fckdere cad. A Blok. No.201 \u0130\u00e7 kap\u0131 No.40 \u015ei\u015fli\/ \u0130stanbul Telefon:(0212)465 6300 Gsm:(532) 323 7353 E-mail:atesaycan@gmail.com","protected":false},"author":1,"featured_media":0,"parent":0,"menu_order":0,"comment_status":"closed","ping_status":"closed","template":"page-templates\/template-fullwidth.php","meta":{"footnotes":""},"class_list":["post-724","page","type-page","status-publish","hentry"],"aioseo_notices":[],"_links":{"self":[{"href":"https:\/\/aycanates.com\/en\/wp-json\/wp\/v2\/pages\/724","targetHints":{"allow":["GET"]}}],"collection":[{"href":"https:\/\/aycanates.com\/en\/wp-json\/wp\/v2\/pages"}],"about":[{"href":"https:\/\/aycanates.com\/en\/wp-json\/wp\/v2\/types\/page"}],"author":[{"embeddable":true,"href":"https:\/\/aycanates.com\/en\/wp-json\/wp\/v2\/users\/1"}],"replies":[{"embeddable":true,"href":"https:\/\/aycanates.com\/en\/wp-json\/wp\/v2\/comments?post=724"}],"version-history":[{"count":30,"href":"https:\/\/aycanates.com\/en\/wp-json\/wp\/v2\/pages\/724\/revisions"}],"predecessor-version":[{"id":3498,"href":"https:\/\/aycanates.com\/en\/wp-json\/wp\/v2\/pages\/724\/revisions\/3498"}],"wp:attachment":[{"href":"https:\/\/aycanates.com\/en\/wp-json\/wp\/v2\/media?parent=724"}],"curies":[{"name":"wp","href":"https:\/\/api.w.org\/{rel}","templated":true}]}}