{"id":732,"date":"2017-06-02T03:55:48","date_gmt":"2017-06-02T03:55:48","guid":{"rendered":"http:\/\/demo.archiwp.com\/index-masonry-black\/?page_id=732"},"modified":"2020-12-11T11:04:20","modified_gmt":"2020-12-11T11:04:20","slug":"hakkimda","status":"publish","type":"page","link":"https:\/\/aycanates.com\/en\/hakkimda\/","title":{"rendered":"About Me"},"content":{"rendered":"<div class=\"wpb-content-wrapper\"><section class=\"wpb_row vc_row-fluid side-bg no-padding vc_custom_1474447060420 vc_row-has-fill no-padding\"><div class=\"row\"><div class=\"wpb_column vc_column_container vc_col-sm-12\"><div class=\"vc_column-inner\"><div class=\"wpb_wrapper\"  >\t<!-- Element: OT Quick Office -->\n\t<div class=\"side-bg\">\n\t\t<div class=\"image-container pull-left col-md-5\" style=\"background-image:url(https:\/\/aycanates.com\/wp-content\/uploads\/2019\/05\/aycanates-1.jpg); ?>\" data-delay=\"0\"><\/div>\n        <div class=\"container\">\n            <div class=\"row\">\n                <div class=\"inner-padding\">\n                    <div class=\"col-md-6 col-md-offset-6 wow fadeInRight\" data-wow-delay=\".2s\">\n                        <h2>Aycan Ate\u015f - Interior Designer<\/h2><br\/>\n                        <\/p>\n<div id=\"norebro-custom-5c87cfc9f3b01\" class=\"norebro-text-sc aos-init aos-animate\" data-aos=\"fade-left\" data-aos-duration=\"800\">\n<p class=\"p1\"><strong>To create spatial solutions with simple functionality and with a right team; to create spaces that reflect their spirit and continue with the same excitement.<\/strong><\/p>\n<p class=\"p1\">Istanbul Devlet G\u00fczel Sanatlar Akademisi \u0130\u00e7 mimarl\u0131k b\u00f6l\u00fcm\u00fcnden mezun olduktan sonra Ni\u015fanta\u015f\u0131\u2019ndaki i\u00e7 mimarl\u0131k tasar\u0131m ve mobilya\u00a0 ofis ve ma\u011fazamda\u00a0 \u00e7e\u015fitli \u00fcr\u00fcn ve\u00a0 mek\u00e2n tasar\u0131mlar\u0131n\u0131 ekibimle birlikte ger\u00e7ekle\u015ftirdik.<\/p>\n<p class=\"p1\">I still continue to design and create all the space solutions such as homes, offices, stores, showrooms, hotels, restaurants in Ate\u015f Interior Design &amp;Furniture and Decoration company<\/p>\n<p class=\"p1\">Object design, interior design, the identity of the place created with its logo and all its details, drawing and application projects, consultancy projects are among the services provided by our company.<\/p>\n<\/div>\n<p><img loading=\"lazy\" decoding=\"async\" class=\"wp-image-2976 size-medium aligncenter\" src=\"https:\/\/aycanates.com\/wp-content\/uploads\/2020\/12\/0001-300x300.jpg\" alt=\"\" width=\"300\" height=\"300\" srcset=\"https:\/\/aycanates.com\/wp-content\/uploads\/2020\/12\/0001-300x300.jpg 300w, https:\/\/aycanates.com\/wp-content\/uploads\/2020\/12\/0001-150x150.jpg 150w, https:\/\/aycanates.com\/wp-content\/uploads\/2020\/12\/0001.jpg 684w\" sizes=\"auto, (max-width: 300px) 100vw, 300px\" \/><\/p>\n<p><img loading=\"lazy\" decoding=\"async\" class=\"wp-image-2977 size-medium aligncenter\" src=\"https:\/\/aycanates.com\/wp-content\/uploads\/2020\/12\/0002-300x300.jpg\" alt=\"\" width=\"300\" height=\"300\" srcset=\"https:\/\/aycanates.com\/wp-content\/uploads\/2020\/12\/0002-300x300.jpg 300w, https:\/\/aycanates.com\/wp-content\/uploads\/2020\/12\/0002-150x150.jpg 150w, https:\/\/aycanates.com\/wp-content\/uploads\/2020\/12\/0002.jpg 684w\" sizes=\"auto, (max-width: 300px) 100vw, 300px\" \/>                    <\/div>\n                    <div class=\"clearfix\"><\/div>\n                <\/div>\n            <\/div>\n        <\/div>\n\t<\/div>\n\n<\/div><\/div><\/div><\/div><\/section><section class=\"wpb_row vc_row-fluid bg-fixed vc_custom_1496375872225 vc_row-has-fill\"><div class=\"container\"><div class=\"row\"><div class=\"wpb_column vc_column_container vc_col-sm-12\"><div class=\"vc_column-inner\"><div class=\"wpb_wrapper wow fadeInUp\"  >\n\t<!-- Element: OT Heading --> \t \n\t<h1 class=\"ot_custom_heading\" style=\"text-align: center;color: #ffffff;\" >Ates Interior Design &amp; Furniture and Decoration  LLC.<\/h1>\t\n\t<!-- Element: OT Line solid --> \t \n\t<div class=\"line-light separator\"><span><i class=\"fa fa-circle\"><\/i><\/span><\/div>\n\t<div class=\"spacer-single\"><\/div>\t      \n<\/div><\/div><\/div><\/div><\/div><\/section><section class=\"wpb_row vc_row-fluid call-to-action bg-color text-center vc_custom_1442204650520 no-padding\"><div class=\"row\"><div class=\"wpb_column vc_column_container vc_col-sm-12\"><div class=\"vc_column-inner\"><div class=\"wpb_wrapper\"  >\t\t\t\n\t<!-- Element: OT Button --> \n\t\t\t<a href=\"https:\/\/aycanates.com\/en\/iletisim\/\" target=\"_self\" class=\"btn btn-line-black btn-big vc_custom_1557297691583\">Contact Us<\/a>\n\t    \n<\/div><\/div><\/div><\/div><\/section><section class=\"wpb_row vc_row-fluid\"><div class=\"container\"><div class=\"row\"><div class=\"wpb_column vc_column_container vc_col-sm-12\"><div class=\"vc_column-inner\"><div class=\"wpb_wrapper\"  ><div class=\"vc_separator wpb_content_element vc_separator_align_center vc_sep_width_100 vc_sep_pos_align_center vc_separator_no_text vc_sep_color_grey wpb_content_element  wpb_content_element\" ><span class=\"vc_sep_holder vc_sep_holder_l\"><span class=\"vc_sep_line\"><\/span><\/span><span class=\"vc_sep_holder vc_sep_holder_r\"><span class=\"vc_sep_line\"><\/span><\/span>\n<\/div><\/div><\/div><\/div><\/div><\/div><\/section><section class=\"wpb_row vc_row-fluid\"><div class=\"container\"><div class=\"row\"><div class=\"wpb_column vc_column_container vc_col-sm-12\"><div class=\"vc_column-inner\"><div class=\"wpb_wrapper\"  ><\/div><\/div><\/div><\/div><\/div><\/section><section class=\"wpb_row vc_row-fluid\"><div class=\"container\"><div class=\"row\"><div class=\"wpb_column vc_column_container vc_col-sm-12\"><div class=\"vc_column-inner\"><div class=\"wpb_wrapper\"  ><\/div><\/div><\/div><\/div><\/div><\/section>\n<\/div>","protected":false},"excerpt":{"rendered":"Aycan Ate\u015f \u2015 \u0130\u00e7 Mimar Mekansal \u00e7\u00f6z\u00fcmleri yal\u0131n bir i\u015flevsellik ve do\u011fru bir ekiple olu\u015fturmak ve i\u00e7inde ya\u015fayanlar\u0131n mutlu olacaklar\u0131 kendilerini yans\u0131tan ruhu olan mekanlar yaratmak ve yaratmaya ayni heyecanla devam etmek\u2026 Istanbul Devlet G\u00fczel Sanatlar Akademisi \u0130\u00e7 mimarl\u0131k b\u00f6l\u00fcm\u00fcnden mezun olduktan sonra Ni\u015fanta\u015f\u0131\u2019ndaki i\u00e7 mimarl\u0131k tasar\u0131m ve mobilya\u00a0 ofis ve ma\u011fazamda\u00a0 \u00e7e\u015fitli \u00fcr\u00fcn ve\u00a0 [...]","protected":false},"author":1,"featured_media":0,"parent":0,"menu_order":0,"comment_status":"closed","ping_status":"closed","template":"page-templates\/template-fullwidth.php","meta":{"footnotes":""},"class_list":["post-732","page","type-page","status-publish","hentry"],"aioseo_notices":[],"_links":{"self":[{"href":"https:\/\/aycanates.com\/en\/wp-json\/wp\/v2\/pages\/732","targetHints":{"allow":["GET"]}}],"collection":[{"href":"https:\/\/aycanates.com\/en\/wp-json\/wp\/v2\/pages"}],"about":[{"href":"https:\/\/aycanates.com\/en\/wp-json\/wp\/v2\/types\/page"}],"author":[{"embeddable":true,"href":"https:\/\/aycanates.com\/en\/wp-json\/wp\/v2\/users\/1"}],"replies":[{"embeddable":true,"href":"https:\/\/aycanates.com\/en\/wp-json\/wp\/v2\/comments?post=732"}],"version-history":[{"count":64,"href":"https:\/\/aycanates.com\/en\/wp-json\/wp\/v2\/pages\/732\/revisions"}],"predecessor-version":[{"id":2993,"href":"https:\/\/aycanates.com\/en\/wp-json\/wp\/v2\/pages\/732\/revisions\/2993"}],"wp:attachment":[{"href":"https:\/\/aycanates.com\/en\/wp-json\/wp\/v2\/media?parent=732"}],"curies":[{"name":"wp","href":"https:\/\/api.w.org\/{rel}","templated":true}]}}